{"id":5523,"date":"2023-03-16T07:42:34","date_gmt":"2023-03-16T06:42:34","guid":{"rendered":"http:\/\/mobot.mg\/research\/?page_id=5523"},"modified":"2023-03-17T06:09:35","modified_gmt":"2023-03-17T05:09:35","slug":"inventaires","status":"publish","type":"page","link":"https:\/\/mobot.mg\/research\/inventaires\/","title":{"rendered":"Inventaires"},"content":{"rendered":"\t\t<div data-elementor-type=\"wp-page\" data-elementor-id=\"5523\" class=\"elementor elementor-5523\">\n\t\t\t\t\t\t<section class=\"elementor-section elementor-top-section elementor-element elementor-element-3903140 elementor-section-boxed elementor-section-height-default elementor-section-height-default\" data-id=\"3903140\" data-element_type=\"section\" data-settings=\"{&quot;background_background&quot;:&quot;classic&quot;,&quot;sticky&quot;:&quot;top&quot;,&quot;sticky_on&quot;:[&quot;desktop&quot;,&quot;tablet&quot;,&quot;mobile&quot;],&quot;sticky_offset&quot;:0,&quot;sticky_effects_offset&quot;:0}\">\n\t\t\t\t\t\t\t<div class=\"elementor-background-overlay\"><\/div>\n\t\t\t\t\t\t\t<div class=\"elementor-container elementor-column-gap-default\">\n\t\t\t\t\t<div class=\"elementor-column elementor-col-100 elementor-top-column elementor-element elementor-element-c10a4d5\" data-id=\"c10a4d5\" data-element_type=\"column\" data-settings=\"{&quot;mdp_selection_sticky_column_effect_enable&quot;:false}\">\n\t\t\t<div class=\"elementor-widget-wrap elementor-element-populated\">\n\t\t\t\t\t\t<div class=\"elementor-element elementor-element-1cfa2cb elementor-nav-menu__align-center elementor-nav-menu--dropdown-tablet elementor-nav-menu__text-align-aside elementor-nav-menu--toggle elementor-nav-menu--burger elementor-widget elementor-widget-nav-menu\" data-id=\"1cfa2cb\" data-element_type=\"widget\" data-settings=\"{&quot;layout&quot;:&quot;horizontal&quot;,&quot;submenu_icon&quot;:{&quot;value&quot;:&quot;&lt;i class=\\&quot;fas fa-caret-down\\&quot;&gt;&lt;\\\/i&gt;&quot;,&quot;library&quot;:&quot;fa-solid&quot;},&quot;toggle&quot;:&quot;burger&quot;}\" data-widget_type=\"nav-menu.default\">\n\t\t\t\t<div class=\"elementor-widget-container\">\n\t\t\t\t\t\t\t\t<nav migration_allowed=\"1\" migrated=\"0\" role=\"navigation\" class=\"elementor-nav-menu--main elementor-nav-menu__container elementor-nav-menu--layout-horizontal e--pointer-underline e--animation-fade\">\n\t\t\t\t<ul id=\"menu-1-1cfa2cb\" class=\"elementor-nav-menu\"><li class=\"menu-item menu-item-type-post_type menu-item-object-page menu-item-home menu-item-5203\"><a href=\"https:\/\/mobot.mg\/research\/\" class=\"elementor-item\">Accueil<\/a><\/li>\n<li class=\"menu-item menu-item-type-post_type menu-item-object-page menu-item-5565\"><a href=\"https:\/\/mobot.mg\/research\/ethnobotaniques\/\" class=\"elementor-item\">Ethnobotaniques<\/a><\/li>\n<li class=\"menu-item menu-item-type-post_type menu-item-object-page menu-item-5562\"><a href=\"https:\/\/mobot.mg\/research\/inventaires\/\" class=\"elementor-item\">Inventaires<\/a><\/li>\n<li class=\"menu-item menu-item-type-post_type menu-item-object-page menu-item-5563\"><a href=\"https:\/\/mobot.mg\/research\/base-de-donnees\/\" class=\"elementor-item\">Base de donn\u00e9es<\/a><\/li>\n<li class=\"menu-item menu-item-type-post_type menu-item-object-page menu-item-5561\"><a href=\"https:\/\/mobot.mg\/research\/bois-precieux\/\" class=\"elementor-item\">Bois pr\u00e9cieux<\/a><\/li>\n<li class=\"menu-item menu-item-type-post_type menu-item-object-page menu-item-5560\"><a href=\"https:\/\/mobot.mg\/research\/liste-rouge\/\" class=\"elementor-item\">Liste Rouge<\/a><\/li>\n<li class=\"menu-item menu-item-type-post_type menu-item-object-page menu-item-5494\"><a href=\"https:\/\/mobot.mg\/research\/orchidees\/\" class=\"elementor-item\">Orchid\u00e9es<\/a><\/li>\n<li class=\"menu-item menu-item-type-post_type menu-item-object-page menu-item-5664\"><a href=\"https:\/\/mobot.mg\/research\/news\/\" class=\"elementor-item\">News<\/a><\/li>\n<li class=\"menu-item menu-item-type-post_type menu-item-object-page menu-item-5717\"><a href=\"https:\/\/mobot.mg\/research\/gallery\/\" class=\"elementor-item\">Gallery<\/a><\/li>\n<li class=\"menu-item menu-item-type-post_type menu-item-object-page menu-item-5915\"><a href=\"https:\/\/mobot.mg\/research\/membres\/\" class=\"elementor-item\">Membres<\/a><\/li>\n<li class=\"menu-item menu-item-type-post_type menu-item-object-page menu-item-6137\"><a href=\"https:\/\/mobot.mg\/research\/aze\/\" class=\"elementor-item\">AZE<\/a><\/li>\n<\/ul>\t\t\t<\/nav>\n\t\t\t\t\t<div class=\"elementor-menu-toggle\" role=\"button\" tabindex=\"0\" aria-label=\"Menu Toggle\" aria-expanded=\"false\">\n\t\t\t<i aria-hidden=\"true\" role=\"presentation\" class=\"elementor-menu-toggle__icon--open eicon-menu-bar\"><\/i><i aria-hidden=\"true\" role=\"presentation\" class=\"elementor-menu-toggle__icon--close eicon-close\"><\/i>\t\t\t<span class=\"elementor-screen-only\">Menu<\/span>\n\t\t<\/div>\n\t\t\t<nav class=\"elementor-nav-menu--dropdown elementor-nav-menu__container\" role=\"navigation\" aria-hidden=\"true\">\n\t\t\t\t<ul id=\"menu-2-1cfa2cb\" class=\"elementor-nav-menu\"><li class=\"menu-item menu-item-type-post_type menu-item-object-page menu-item-home menu-item-5203\"><a href=\"https:\/\/mobot.mg\/research\/\" class=\"elementor-item\" tabindex=\"-1\">Accueil<\/a><\/li>\n<li class=\"menu-item menu-item-type-post_type menu-item-object-page menu-item-5565\"><a href=\"https:\/\/mobot.mg\/research\/ethnobotaniques\/\" class=\"elementor-item\" tabindex=\"-1\">Ethnobotaniques<\/a><\/li>\n<li class=\"menu-item menu-item-type-post_type menu-item-object-page menu-item-5562\"><a href=\"https:\/\/mobot.mg\/research\/inventaires\/\" class=\"elementor-item\" tabindex=\"-1\">Inventaires<\/a><\/li>\n<li class=\"menu-item menu-item-type-post_type menu-item-object-page menu-item-5563\"><a href=\"https:\/\/mobot.mg\/research\/base-de-donnees\/\" class=\"elementor-item\" tabindex=\"-1\">Base de donn\u00e9es<\/a><\/li>\n<li class=\"menu-item menu-item-type-post_type menu-item-object-page menu-item-5561\"><a href=\"https:\/\/mobot.mg\/research\/bois-precieux\/\" class=\"elementor-item\" tabindex=\"-1\">Bois pr\u00e9cieux<\/a><\/li>\n<li class=\"menu-item menu-item-type-post_type menu-item-object-page menu-item-5560\"><a href=\"https:\/\/mobot.mg\/research\/liste-rouge\/\" class=\"elementor-item\" tabindex=\"-1\">Liste Rouge<\/a><\/li>\n<li class=\"menu-item menu-item-type-post_type menu-item-object-page menu-item-5494\"><a href=\"https:\/\/mobot.mg\/research\/orchidees\/\" class=\"elementor-item\" tabindex=\"-1\">Orchid\u00e9es<\/a><\/li>\n<li class=\"menu-item menu-item-type-post_type menu-item-object-page menu-item-5664\"><a href=\"https:\/\/mobot.mg\/research\/news\/\" class=\"elementor-item\" tabindex=\"-1\">News<\/a><\/li>\n<li class=\"menu-item menu-item-type-post_type menu-item-object-page menu-item-5717\"><a href=\"https:\/\/mobot.mg\/research\/gallery\/\" class=\"elementor-item\" tabindex=\"-1\">Gallery<\/a><\/li>\n<li class=\"menu-item menu-item-type-post_type menu-item-object-page menu-item-5915\"><a href=\"https:\/\/mobot.mg\/research\/membres\/\" class=\"elementor-item\" tabindex=\"-1\">Membres<\/a><\/li>\n<li class=\"menu-item menu-item-type-post_type menu-item-object-page menu-item-6137\"><a href=\"https:\/\/mobot.mg\/research\/aze\/\" class=\"elementor-item\" tabindex=\"-1\">AZE<\/a><\/li>\n<\/ul>\t\t\t<\/nav>\n\t\t\t\t\t\t<\/div>\n\t\t\t\t<\/div>\n\t\t\t\t\t<\/div>\n\t\t<\/div>\n\t\t\t\t\t<\/div>\n\t\t<\/section>\n\t\t\t\t<section class=\"elementor-section elementor-top-section elementor-element elementor-element-20e2f1f elementor-section-boxed elementor-section-height-default elementor-section-height-default\" data-id=\"20e2f1f\" data-element_type=\"section\" data-settings=\"{&quot;background_background&quot;:&quot;classic&quot;,&quot;mdp_selection_sticky_effect_enable&quot;:false}\">\n\t\t\t\t\t\t\t<div class=\"elementor-background-overlay\"><\/div>\n\t\t\t\t\t\t\t<div class=\"elementor-container elementor-column-gap-default\">\n\t\t\t\t\t<div class=\"elementor-column elementor-col-100 elementor-top-column elementor-element elementor-element-40964f7\" data-id=\"40964f7\" data-element_type=\"column\" data-settings=\"{&quot;mdp_selection_sticky_column_effect_enable&quot;:false}\">\n\t\t\t<div class=\"elementor-widget-wrap elementor-element-populated\">\n\t\t\t\t\t\t<div class=\"elementor-element elementor-element-6921d2ef elementor-widget elementor-widget-heading\" data-id=\"6921d2ef\" data-element_type=\"widget\" data-widget_type=\"heading.default\">\n\t\t\t\t<div class=\"elementor-widget-container\">\n\t\t\t\t\t<h2 class=\"elementor-heading-title elementor-size-default\">Les inventaires botaniques \n<br><b>au c\u0153ur de notre programme \n\n<\/h2>\t\t\t\t<\/div>\n\t\t\t\t<\/div>\n\t\t\t\t<div class=\"elementor-element elementor-element-3174913 elementor-widget-divider--separator-type-pattern elementor-widget-divider--view-line elementor-widget elementor-widget-divider\" data-id=\"3174913\" data-element_type=\"widget\" data-widget_type=\"divider.default\">\n\t\t\t\t<div class=\"elementor-widget-container\">\n\t\t\t\t\t\t\t<div class=\"elementor-divider\" style=\"--divider-pattern-url: url(&quot;data:image\/svg+xml,%3Csvg xmlns=&#039;http:\/\/www.w3.org\/2000\/svg&#039; preserveAspectRatio=&#039;none&#039; overflow=&#039;visible&#039; height=&#039;100%&#039; viewBox=&#039;0 0 24 24&#039; fill=&#039;none&#039; stroke=&#039;black&#039; stroke-width=&#039;1&#039; stroke-linecap=&#039;square&#039; stroke-miterlimit=&#039;10&#039;%3E%3Cpath d=&#039;M0,6c6,0,6,13,12,13S18,6,24,6&#039;\/%3E%3C\/svg%3E&quot;);\">\n\t\t\t<span class=\"elementor-divider-separator\">\n\t\t\t\t\t\t<\/span>\n\t\t<\/div>\n\t\t\t\t\t\t<\/div>\n\t\t\t\t<\/div>\n\t\t\t\t<div class=\"elementor-element elementor-element-8463fb6 elementor-widget elementor-widget-text-editor\" data-id=\"8463fb6\" data-element_type=\"widget\" data-widget_type=\"text-editor.default\">\n\t\t\t\t<div class=\"elementor-widget-container\">\n\t\t\t\t\t\t\t\t\tLes collections de plantes jouent un r\u00f4le central dans la recherche taxonomique et \u00e9cologique, et avec leurs donn\u00e9es associ\u00e9es, elles constituent une ressource essentielle pour comprendre la biodiversit\u00e9 et assurer sa protection \u00e0 long terme.\n\n\nAu cours des trois derni\u00e8res d\u00e9cennies, depuis la pr\u00e9sence du MBG dans la grande ile, nous avec nos talentueux botanistes, avons \u00e9tabli l\u2019un des programmes d\u2019inventaire sur le terrain les plus productifs et les plus modernes du monde et a men\u00e9 des centaines d\u2019\u00e9tudes scientifiques et de nombreuses nouvelles d\u00e9couvertes importantes d\u2019esp\u00e8ces de plantes.\n\n\nDiff\u00e9rents \u00e9cosyst\u00e8mes terrestres ont \u00e9t\u00e9 \u00e9tudi\u00e9s depuis pour d\u00e9velopper nos connaissances sur la riche flore de Madagascar. Si au d\u00e9but les explorations \u00e9taient plut\u00f4t foresti\u00e8res, au cours des 10 derni\u00e8res ann\u00e9es, notre programme d\u2019inventaire a consid\u00e9r\u00e9 d\u2019autres types d\u2019\u00e9cosyst\u00e8mes longuement n\u00e9glig\u00e9es par la communaut\u00e9 botanique : les Inselbergs et les Eaux Douces .\n\n\nActuellement nous int\u00e9grons dans notre programme d\u2019inventaire pour consid\u00e9rer les biais de collectes du point de vue g\u00e9ographiques et taxonomiques : l\u2019ouest \u00e9tant mal explor\u00e9 que l\u2019est, les groupes de plantes inf\u00e9rieures mal explor\u00e9s etc\u2026\n\n\nDe ces explorations extensives qui sont men\u00e9es conform\u00e9ment au dispositif de l\u2019APA en vigueur, sont issues les riches donn\u00e9es \u00e9co- biog\u00e9ographiques synth\u00e9tis\u00e9es en connaissance via le Catalogue des plantes vasculaires de Madagascar [<a href=\"http:\/\/legacy.tropicos.org\/Project\/Madagascar\">http:\/\/legacy.tropicos.org\/Project\/Madagascar<\/a>] et les collections de sp\u00e9cimen d\u2019herbier qui ont enrichi nos herbiers nationaux \u00e0 Tsimbazaza (TAN) et \u00e0 Ambatobe (TEF).\t\t\t\t\t\t\t\t<\/div>\n\t\t\t\t<\/div>\n\t\t\t\t<div class=\"elementor-element elementor-element-bb55604 elementor-widget elementor-widget-heading\" data-id=\"bb55604\" data-element_type=\"widget\" data-widget_type=\"heading.default\">\n\t\t\t\t<div class=\"elementor-widget-container\">\n\t\t\t\t\t<h2 class=\"elementor-heading-title elementor-size-default\">Quelques chiffres<\/h2>\t\t\t\t<\/div>\n\t\t\t\t<\/div>\n\t\t\t\t<section class=\"elementor-section elementor-inner-section elementor-element elementor-element-a6647bf elementor-section-boxed elementor-section-height-default elementor-section-height-default\" data-id=\"a6647bf\" data-element_type=\"section\" data-settings=\"{&quot;mdp_selection_sticky_effect_enable&quot;:false}\">\n\t\t\t\t\t\t<div class=\"elementor-container elementor-column-gap-default\">\n\t\t\t\t\t<div class=\"elementor-column elementor-col-50 elementor-inner-column elementor-element elementor-element-0cbcd38\" data-id=\"0cbcd38\" data-element_type=\"column\" data-settings=\"{&quot;mdp_selection_sticky_column_effect_enable&quot;:false}\">\n\t\t\t<div class=\"elementor-widget-wrap elementor-element-populated\">\n\t\t\t\t\t\t<div class=\"elementor-element elementor-element-ecbd2a9 elementor-position-inline-start elementor-view-default elementor-mobile-position-block-start elementor-widget elementor-widget-icon-box\" data-id=\"ecbd2a9\" data-element_type=\"widget\" data-widget_type=\"icon-box.default\">\n\t\t\t\t<div class=\"elementor-widget-container\">\n\t\t\t\t\t\t\t<div class=\"elementor-icon-box-wrapper\">\n\n\t\t\t\t\t\t<div class=\"elementor-icon-box-icon\">\n\t\t\t\t<span  class=\"elementor-icon\">\n\t\t\t\t<i aria-hidden=\"true\" class=\"fas fa-star\"><\/i>\t\t\t\t<\/span>\n\t\t\t<\/div>\n\t\t\t\n\t\t\t\t\t\t<div class=\"elementor-icon-box-content\">\n\n\t\t\t\t\n\t\t\t\t\t\t\t\t\t<p class=\"elementor-icon-box-description\">\n\t\t\t\t\t\t<b style=\"color:red\">ca. 10 <\/b>botanistes nationaux\t\t\t\t\t<\/p>\n\t\t\t\t\n\t\t\t<\/div>\n\t\t\t\n\t\t<\/div>\n\t\t\t\t\t\t<\/div>\n\t\t\t\t<\/div>\n\t\t\t\t<div class=\"elementor-element elementor-element-8276ae6 elementor-position-inline-start elementor-view-default elementor-mobile-position-block-start elementor-widget elementor-widget-icon-box\" data-id=\"8276ae6\" data-element_type=\"widget\" data-widget_type=\"icon-box.default\">\n\t\t\t\t<div class=\"elementor-widget-container\">\n\t\t\t\t\t\t\t<div class=\"elementor-icon-box-wrapper\">\n\n\t\t\t\t\t\t<div class=\"elementor-icon-box-icon\">\n\t\t\t\t<span  class=\"elementor-icon\">\n\t\t\t\t<i aria-hidden=\"true\" class=\"fas fa-star\"><\/i>\t\t\t\t<\/span>\n\t\t\t<\/div>\n\t\t\t\n\t\t\t\t\t\t<div class=\"elementor-icon-box-content\">\n\n\t\t\t\t\n\t\t\t\t\t\t\t\t\t<p class=\"elementor-icon-box-description\">\n\t\t\t\t\t\tPlus de 130 800 collections depuis dont 3 200 des Inselbergs et <b style=\"color:red\">1 200 <\/b>d\u2019aquatiques\t\t\t\t\t<\/p>\n\t\t\t\t\n\t\t\t<\/div>\n\t\t\t\n\t\t<\/div>\n\t\t\t\t\t\t<\/div>\n\t\t\t\t<\/div>\n\t\t\t\t<div class=\"elementor-element elementor-element-a8bf4b4 elementor-position-inline-start elementor-view-default elementor-mobile-position-block-start elementor-widget elementor-widget-icon-box\" data-id=\"a8bf4b4\" data-element_type=\"widget\" data-widget_type=\"icon-box.default\">\n\t\t\t\t<div class=\"elementor-widget-container\">\n\t\t\t\t\t\t\t<div class=\"elementor-icon-box-wrapper\">\n\n\t\t\t\t\t\t<div class=\"elementor-icon-box-icon\">\n\t\t\t\t<span  class=\"elementor-icon\">\n\t\t\t\t<i aria-hidden=\"true\" class=\"fas fa-star\"><\/i>\t\t\t\t<\/span>\n\t\t\t<\/div>\n\t\t\t\n\t\t\t\t\t\t<div class=\"elementor-icon-box-content\">\n\n\t\t\t\t\n\t\t\t\t\t\t\t\t\t<p class=\"elementor-icon-box-description\">\n\t\t\t\t\t\t<b style=\"color:red\">5 000<\/b> collections annuellement d\u00e9pos\u00e9s dans les herbiers nationaux\t\t\t\t\t<\/p>\n\t\t\t\t\n\t\t\t<\/div>\n\t\t\t\n\t\t<\/div>\n\t\t\t\t\t\t<\/div>\n\t\t\t\t<\/div>\n\t\t\t\t\t<\/div>\n\t\t<\/div>\n\t\t\t\t<div class=\"elementor-column elementor-col-50 elementor-inner-column elementor-element elementor-element-0363259\" data-id=\"0363259\" data-element_type=\"column\" data-settings=\"{&quot;mdp_selection_sticky_column_effect_enable&quot;:false}\">\n\t\t\t<div class=\"elementor-widget-wrap\">\n\t\t\t\t\t\t\t<\/div>\n\t\t<\/div>\n\t\t\t\t\t<\/div>\n\t\t<\/section>\n\t\t\t\t\t<\/div>\n\t\t<\/div>\n\t\t\t\t\t<\/div>\n\t\t<\/section>\n\t\t\t\t<\/div>\n\t\t","protected":false},"excerpt":{"rendered":"<p>Les inventaires botaniques au c\u0153ur de notre programme Les collections de plantes jouent un r\u00f4le central dans la recherche taxonomique et \u00e9cologique, et avec leurs donn\u00e9es associ\u00e9es, elles constituent une ressource essentielle pour comprendre la biodiversit\u00e9 et assurer sa protection \u00e0 long terme. Au cours des trois derni\u00e8res d\u00e9cennies, depuis la pr\u00e9sence du MBG dans [&hellip;]<\/p>\n","protected":false},"author":1,"featured_media":0,"parent":0,"menu_order":0,"comment_status":"closed","ping_status":"closed","template":"elementor_canvas","meta":{"footnotes":""},"class_list":["post-5523","page","type-page","status-publish","hentry"],"_links":{"self":[{"href":"https:\/\/mobot.mg\/research\/wp-json\/wp\/v2\/pages\/5523","targetHints":{"allow":["GET"]}}],"collection":[{"href":"https:\/\/mobot.mg\/research\/wp-json\/wp\/v2\/pages"}],"about":[{"href":"https:\/\/mobot.mg\/research\/wp-json\/wp\/v2\/types\/page"}],"author":[{"embeddable":true,"href":"https:\/\/mobot.mg\/research\/wp-json\/wp\/v2\/users\/1"}],"replies":[{"embeddable":true,"href":"https:\/\/mobot.mg\/research\/wp-json\/wp\/v2\/comments?post=5523"}],"version-history":[{"count":8,"href":"https:\/\/mobot.mg\/research\/wp-json\/wp\/v2\/pages\/5523\/revisions"}],"predecessor-version":[{"id":5788,"href":"https:\/\/mobot.mg\/research\/wp-json\/wp\/v2\/pages\/5523\/revisions\/5788"}],"wp:attachment":[{"href":"https:\/\/mobot.mg\/research\/wp-json\/wp\/v2\/media?parent=5523"}],"curies":[{"name":"wp","href":"https:\/\/api.w.org\/{rel}","templated":true}]}}